{"id":2322,"date":"2021-01-07T16:26:48","date_gmt":"2021-01-07T16:26:48","guid":{"rendered":"https:\/\/www.anteaprevencion.com\/?page_id=2322"},"modified":"2025-10-06T08:54:50","modified_gmt":"2025-10-06T08:54:50","slug":"servicio-de-prevencion-ajeno","status":"publish","type":"page","link":"https:\/\/www.anteaprevencion.com\/cat\/servei-de-prevencio-alie\/","title":{"rendered":"Servei de prevenci\u00f3 ali\u00e8"},"content":{"rendered":"<p><strong>ANTEA <\/strong>es tu aliado en seguridad y salud laboral. Contamos con la acreditaci\u00f3n oficial a nivel nacional para actuar como <strong>Servicio de Prevenci\u00f3n Ajeno <\/strong>en estas cuatro especialidades:<\/p>\n\n\n\n<ul><li>Seguretat en el treball<\/li><li>Higiene industrial<\/li><li>Ergonom\u00eda y psicosociolog\u00eda aplicada<\/li><li>Vigilancia de la salud<\/li><\/ul>\n\n\n\n<p>Ponemos a tu disposici\u00f3n todos los recursos t\u00e9cnicos y humanos que necesitas. Nuestro equipo est\u00e1 formado por profesionales con gran experiencia. Te ofrecemos asesoramiento y apoyo t\u00e9cnico completo para que tu empresa cumpla con todas las normas de prevenci\u00f3n de riesgos laborales.<\/p>\n\n\n\n<p>Como entidad preventiva de confianza, trabajamos con un plan claro y efectivo. Nuestro objetivo es crear un <strong>plan de prevenci\u00f3n <\/strong><strong>adaptado<\/strong><strong> <\/strong>a la empresa. As\u00ed conseguimos que la prevenci\u00f3n forme parte de todos los niveles de tu organizaci\u00f3n y garantizamos el cumplimiento de la ley , con el objetivo de proteger a las personas trabajadoras.<\/p>\n\n\n\n<p>Como Servicio de Prevenci\u00f3n Ajeno, incluimos entre otras las siguientes actuaciones preventivas en el concierto preventivo suscrito con nuestros clientes:<\/p>\n\n\n\n<ul><li>Programaci\u00f3n de la actividad preventiva<\/li><li>Redacci\u00f3n de la documentaci\u00f3n preventiva: plan de prevenci\u00f3n, evaluaciones de riesgo, planificaci\u00f3n de la actividad preventiva, medidas de emergencia, memorias anuales.<\/li><li>Formaci\u00f3n e informaci\u00f3n espec\u00edficas<\/li><li>Investigaci\u00f3n de accidentes, incluidos los LEVES<\/li><li>Vigilancia de la salud colectiva e individual (reconocimientos m\u00e9dicos).<\/li><li>Informes sobre situaci\u00f3n de riesgos durante el embarazo o lactancia<\/li><li>Asesoramiento en relaci\u00f3n a los servicios contratados.<\/li><li>Web de empresas<\/li><\/ul>","protected":false},"excerpt":{"rendered":"<p>ANTEA es tu aliado en seguridad y salud laboral. Contamos con la acreditaci\u00f3n oficial a nivel nacional para actuar como Servicio de Prevenci\u00f3n Ajeno en estas cuatro especialidades: Seguridad en el trabajo Higiene industrial Ergonom\u00eda y psicosociolog\u00eda aplicada Vigilancia de la salud Ponemos a tu disposici\u00f3n todos los recursos t\u00e9cnicos y humanos que necesitas. Nuestro &#8230; <a title=\"Servei de prevenci\u00f3 ali\u00e8\" class=\"read-more\" href=\"https:\/\/www.anteaprevencion.com\/cat\/servei-de-prevencio-alie\/\" aria-label=\"M\u00e9s sobre Servicio de prevenci\u00f3n ajeno\">Llegiu m\u00e9s<\/a><\/p>","protected":false},"author":3,"featured_media":2458,"parent":0,"menu_order":0,"comment_status":"closed","ping_status":"closed","template":"","meta":[],"yoast_head":"<!-- This site is optimized with the Yoast SEO plugin v15.8 - https:\/\/yoast.com\/wordpress\/plugins\/seo\/ -->\r\n<title>Servicio de Prevenci\u00f3n Ajeno Acreditado | Asesoramiento PRL | Antea<\/title>\r\n<meta name=\"description\" content=\"Antea, Servicio de Prevenci\u00f3n Ajeno acreditado en 4 especialidades (Seguridad, Higiene, Ergonom\u00eda y Vigilancia de la Salud). Pide presupuesto\" \/>\r\n<meta name=\"robots\" content=\"index, follow, max-snippet:-1, max-image-preview:large, max-video-preview:-1\" \/>\r\n<link rel=\"canonical\" href=\"https:\/\/www.anteaprevencion.com\/cat\/servei-de-prevencio-alie\/\" \/>\r\n<meta property=\"og:locale\" content=\"ca_ES\" \/>\r\n<meta property=\"og:type\" content=\"article\" \/>\r\n<meta property=\"og:title\" content=\"Servicio de Prevenci\u00f3n Ajeno Acreditado | Asesoramiento PRL | Antea\" \/>\r\n<meta property=\"og:description\" content=\"Antea, Servicio de Prevenci\u00f3n Ajeno acreditado en 4 especialidades (Seguridad, Higiene, Ergonom\u00eda y Vigilancia de la Salud). Pide presupuesto\" \/>\r\n<meta property=\"og:url\" content=\"https:\/\/www.anteaprevencion.com\/cat\/servei-de-prevencio-alie\/\" \/>\r\n<meta property=\"og:site_name\" content=\"Prevenci\u00f3n de Riesgos Laborales | PRL | Antea Prevenci\u00f3n\" \/>\r\n<meta property=\"article:modified_time\" content=\"2025-10-06T08:54:50+00:00\" \/>\r\n<meta property=\"og:image\" content=\"https:\/\/www.anteaprevencion.com\/wp-content\/uploads\/2021\/01\/destacado-servicio-prevencion-ajeno-6106246.jpg\" \/>\r\n\t<meta property=\"og:image:width\" content=\"482\" \/>\r\n\t<meta property=\"og:image:height\" content=\"249\" \/>\r\n<meta name=\"twitter:card\" content=\"summary_large_image\" \/>\r\n<meta name=\"twitter:label1\" content=\"Temps estimat de lectura\">\n\t<meta name=\"twitter:data1\" content=\"1 minut\">\r\n<script type=\"application\/ld+json\" class=\"yoast-schema-graph\">{\"@context\":\"https:\/\/schema.org\",\"@graph\":[{\"@type\":\"WebSite\",\"@id\":\"https:\/\/www.anteaprevencion.com\/#website\",\"url\":\"https:\/\/www.anteaprevencion.com\/\",\"name\":\"Prevenci\\u00f3n de Riesgos Laborales | PRL | Antea Prevenci\\u00f3n\",\"description\":\"\",\"potentialAction\":[{\"@type\":\"SearchAction\",\"target\":\"https:\/\/www.anteaprevencion.com\/?s={search_term_string}\",\"query-input\":\"required name=search_term_string\"}],\"inLanguage\":\"ca\"},{\"@type\":\"ImageObject\",\"@id\":\"https:\/\/www.anteaprevencion.com\/servicio-de-prevencion-ajeno\/#primaryimage\",\"inLanguage\":\"ca\",\"url\":\"https:\/\/www.anteaprevencion.com\/wp-content\/uploads\/2021\/01\/destacado-servicio-prevencion-ajeno-6106246.jpg\",\"width\":482,\"height\":249,\"caption\":\"destacado-servicio-prevencion-ajeno\"},{\"@type\":\"WebPage\",\"@id\":\"https:\/\/www.anteaprevencion.com\/servicio-de-prevencion-ajeno\/#webpage\",\"url\":\"https:\/\/www.anteaprevencion.com\/servicio-de-prevencion-ajeno\/\",\"name\":\"Servicio de Prevenci\\u00f3n Ajeno Acreditado | Asesoramiento PRL | Antea\",\"isPartOf\":{\"@id\":\"https:\/\/www.anteaprevencion.com\/#website\"},\"primaryImageOfPage\":{\"@id\":\"https:\/\/www.anteaprevencion.com\/servicio-de-prevencion-ajeno\/#primaryimage\"},\"datePublished\":\"2021-01-07T16:26:48+00:00\",\"dateModified\":\"2025-10-06T08:54:50+00:00\",\"description\":\"Antea, Servicio de Prevenci\\u00f3n Ajeno acreditado en 4 especialidades (Seguridad, Higiene, Ergonom\\u00eda y Vigilancia de la Salud). Pide presupuesto\",\"breadcrumb\":{\"@id\":\"https:\/\/www.anteaprevencion.com\/servicio-de-prevencion-ajeno\/#breadcrumb\"},\"inLanguage\":\"ca\",\"potentialAction\":[{\"@type\":\"ReadAction\",\"target\":[\"https:\/\/www.anteaprevencion.com\/servicio-de-prevencion-ajeno\/\"]}]},{\"@type\":\"BreadcrumbList\",\"@id\":\"https:\/\/www.anteaprevencion.com\/servicio-de-prevencion-ajeno\/#breadcrumb\",\"itemListElement\":[{\"@type\":\"ListItem\",\"position\":1,\"item\":{\"@type\":\"WebPage\",\"@id\":\"https:\/\/www.anteaprevencion.com\/\",\"url\":\"https:\/\/www.anteaprevencion.com\/\",\"name\":\"Portada\"}},{\"@type\":\"ListItem\",\"position\":2,\"item\":{\"@type\":\"WebPage\",\"@id\":\"https:\/\/www.anteaprevencion.com\/servicio-de-prevencion-ajeno\/\",\"url\":\"https:\/\/www.anteaprevencion.com\/servicio-de-prevencion-ajeno\/\",\"name\":\"Servicio de prevenci\\u00f3n ajeno\"}}]}]}<\/script>\r\n<!-- \/ Yoast SEO plugin. -->","_links":{"self":[{"href":"https:\/\/www.anteaprevencion.com\/cat\/wp-json\/wp\/v2\/pages\/2322"}],"collection":[{"href":"https:\/\/www.anteaprevencion.com\/cat\/wp-json\/wp\/v2\/pages"}],"about":[{"href":"https:\/\/www.anteaprevencion.com\/cat\/wp-json\/wp\/v2\/types\/page"}],"author":[{"embeddable":true,"href":"https:\/\/www.anteaprevencion.com\/cat\/wp-json\/wp\/v2\/users\/3"}],"replies":[{"embeddable":true,"href":"https:\/\/www.anteaprevencion.com\/cat\/wp-json\/wp\/v2\/comments?post=2322"}],"version-history":[{"count":3,"href":"https:\/\/www.anteaprevencion.com\/cat\/wp-json\/wp\/v2\/pages\/2322\/revisions"}],"predecessor-version":[{"id":7750,"href":"https:\/\/www.anteaprevencion.com\/cat\/wp-json\/wp\/v2\/pages\/2322\/revisions\/7750"}],"wp:featuredmedia":[{"embeddable":true,"href":"https:\/\/www.anteaprevencion.com\/cat\/wp-json\/wp\/v2\/media\/2458"}],"wp:attachment":[{"href":"https:\/\/www.anteaprevencion.com\/cat\/wp-json\/wp\/v2\/media?parent=2322"}],"curies":[{"name":"wp","href":"https:\/\/api.w.org\/{rel}","templated":true}]}}