{"id":2339,"date":"2021-01-07T16:54:56","date_gmt":"2021-01-07T16:54:56","guid":{"rendered":"https:\/\/www.anteaprevencion.com\/?page_id=2339"},"modified":"2025-10-06T09:33:32","modified_gmt":"2025-10-06T09:33:32","slug":"higiene-industrial","status":"publish","type":"page","link":"https:\/\/www.anteaprevencion.com\/cat\/higiene-industrial\/","title":{"rendered":"Higiene industrial"},"content":{"rendered":"<p>Para la especialidad de Higiene Industrial, <strong>ANTEA <\/strong>se compromete a identificar, evaluar y proponer las medidas correctoras que procedan, considerando para ello todos los riesgos de esta naturaleza existentes en la empresa, ya sean agentes f\u00edsicos, agentes qu\u00edmicos o agentes biol\u00f3gicos, y valorar la necesidad o no de realizar mediciones higi\u00e9nicas al respecto.<\/p>\n\n\n\n<p>Nuestro <strong>concierto preventivo<\/strong>, que tiene car\u00e1cter <strong>multidisciplinar<\/strong>, garantiza la evaluaci\u00f3n de los factores de riesgos relacionados con la Higiene Industrial y, en su caso, la propuesta de realizaci\u00f3n de aquellas actuaciones preventivas espec\u00edficas complementarias que resultaran necesarias, como por ejemplo:<\/p>\n\n\n\n<ul><li>Evaluaciones higi\u00e9nicas de agentes f\u00edsicos: Ruido, Estr\u00e9s T\u00e9rmico, Calidad de Aire, Iluminaci\u00f3n.<\/li><\/ul>\n\n\n\n<ul><li>Evaluaciones higi\u00e9nicas de agentes qu\u00edmicos<\/li><\/ul>\n\n\n\n<ul><li>Estudios de Riesgo Biol\u00f3gico.<\/li><\/ul>\n\n\n\n<ul><li>Impartici\u00f3n de formaci\u00f3n espec\u00edfica.<\/li><\/ul>","protected":false},"excerpt":{"rendered":"<p>Para la especialidad de Higiene Industrial, ANTEA se compromete a identificar, evaluar y proponer las medidas correctoras que procedan, considerando para ello todos los riesgos de esta naturaleza existentes en la empresa, ya sean agentes f\u00edsicos, agentes qu\u00edmicos o agentes biol\u00f3gicos, y valorar la necesidad o no de realizar mediciones higi\u00e9nicas al respecto. Nuestro concierto &#8230; <a title=\"Higiene industrial\" class=\"read-more\" href=\"https:\/\/www.anteaprevencion.com\/cat\/higiene-industrial\/\" aria-label=\"M\u00e9s sobre Higiene industrial\">Llegiu m\u00e9s<\/a><\/p>","protected":false},"author":3,"featured_media":2457,"parent":0,"menu_order":0,"comment_status":"closed","ping_status":"closed","template":"","meta":[],"yoast_head":"<!-- This site is optimized with the Yoast SEO plugin v15.8 - https:\/\/yoast.com\/wordpress\/plugins\/seo\/ -->\r\n<title>Servicio Higiene Industrial Empresas | PRL | Antea Prevenci\u00f3n<\/title>\r\n<meta name=\"description\" content=\"Antea Servicios de Prevenci\u00f3n est\u00e1 autorizado para prestar el servicio de Higiene industrial con personal especializado, para empresas\" \/>\r\n<meta name=\"robots\" content=\"index, follow, max-snippet:-1, max-image-preview:large, max-video-preview:-1\" \/>\r\n<link rel=\"canonical\" href=\"https:\/\/www.anteaprevencion.com\/cat\/higiene-industrial\/\" \/>\r\n<meta property=\"og:locale\" content=\"ca_ES\" \/>\r\n<meta property=\"og:type\" content=\"article\" \/>\r\n<meta property=\"og:title\" content=\"Servicio Higiene Industrial Empresas | PRL | Antea Prevenci\u00f3n\" \/>\r\n<meta property=\"og:description\" content=\"Antea Servicios de Prevenci\u00f3n est\u00e1 autorizado para prestar el servicio de Higiene industrial con personal especializado, para empresas\" \/>\r\n<meta property=\"og:url\" content=\"https:\/\/www.anteaprevencion.com\/cat\/higiene-industrial\/\" \/>\r\n<meta property=\"og:site_name\" content=\"Prevenci\u00f3n de Riesgos Laborales | PRL | Antea Prevenci\u00f3n\" \/>\r\n<meta property=\"article:modified_time\" content=\"2025-10-06T09:33:32+00:00\" \/>\r\n<meta property=\"og:image\" content=\"https:\/\/www.anteaprevencion.com\/wp-content\/uploads\/2021\/01\/destacado-servicio-higiene-industrial-2161504.jpg\" \/>\r\n\t<meta property=\"og:image:width\" content=\"482\" \/>\r\n\t<meta property=\"og:image:height\" content=\"249\" \/>\r\n<meta name=\"twitter:card\" content=\"summary_large_image\" \/>\r\n<meta name=\"twitter:label1\" content=\"Temps estimat de lectura\">\n\t<meta name=\"twitter:data1\" content=\"1 minut\">\r\n<script type=\"application\/ld+json\" class=\"yoast-schema-graph\">{\"@context\":\"https:\/\/schema.org\",\"@graph\":[{\"@type\":\"WebSite\",\"@id\":\"https:\/\/www.anteaprevencion.com\/#website\",\"url\":\"https:\/\/www.anteaprevencion.com\/\",\"name\":\"Prevenci\\u00f3n de Riesgos Laborales | PRL | Antea Prevenci\\u00f3n\",\"description\":\"Somos empresa l\\u00edder de prevenci\\u00f3n de riesgos laborales para tu negocio. Servicio de PRL, vigilancia de la salud, reconocimientos m\\u00e9dicos.\",\"potentialAction\":[{\"@type\":\"SearchAction\",\"target\":\"https:\/\/www.anteaprevencion.com\/?s={search_term_string}\",\"query-input\":\"required name=search_term_string\"}],\"inLanguage\":\"ca\"},{\"@type\":\"ImageObject\",\"@id\":\"https:\/\/www.anteaprevencion.com\/higiene-industrial\/#primaryimage\",\"inLanguage\":\"ca\",\"url\":\"https:\/\/www.anteaprevencion.com\/wp-content\/uploads\/2021\/01\/destacado-servicio-higiene-industrial-2161504.jpg\",\"width\":482,\"height\":249,\"caption\":\"destacado-servicio-higiene-industrial\"},{\"@type\":\"WebPage\",\"@id\":\"https:\/\/www.anteaprevencion.com\/higiene-industrial\/#webpage\",\"url\":\"https:\/\/www.anteaprevencion.com\/higiene-industrial\/\",\"name\":\"Servicio Higiene Industrial Empresas | PRL | Antea Prevenci\\u00f3n\",\"isPartOf\":{\"@id\":\"https:\/\/www.anteaprevencion.com\/#website\"},\"primaryImageOfPage\":{\"@id\":\"https:\/\/www.anteaprevencion.com\/higiene-industrial\/#primaryimage\"},\"datePublished\":\"2021-01-07T16:54:56+00:00\",\"dateModified\":\"2025-10-06T09:33:32+00:00\",\"description\":\"Antea Servicios de Prevenci\\u00f3n est\\u00e1 autorizado para prestar el servicio de Higiene industrial con personal especializado, para empresas\",\"breadcrumb\":{\"@id\":\"https:\/\/www.anteaprevencion.com\/higiene-industrial\/#breadcrumb\"},\"inLanguage\":\"ca\",\"potentialAction\":[{\"@type\":\"ReadAction\",\"target\":[\"https:\/\/www.anteaprevencion.com\/higiene-industrial\/\"]}]},{\"@type\":\"BreadcrumbList\",\"@id\":\"https:\/\/www.anteaprevencion.com\/higiene-industrial\/#breadcrumb\",\"itemListElement\":[{\"@type\":\"ListItem\",\"position\":1,\"item\":{\"@type\":\"WebPage\",\"@id\":\"https:\/\/www.anteaprevencion.com\/\",\"url\":\"https:\/\/www.anteaprevencion.com\/\",\"name\":\"Portada\"}},{\"@type\":\"ListItem\",\"position\":2,\"item\":{\"@type\":\"WebPage\",\"@id\":\"https:\/\/www.anteaprevencion.com\/higiene-industrial\/\",\"url\":\"https:\/\/www.anteaprevencion.com\/higiene-industrial\/\",\"name\":\"Higiene industrial\"}}]}]}<\/script>\r\n<!-- \/ Yoast SEO plugin. -->","_links":{"self":[{"href":"https:\/\/www.anteaprevencion.com\/cat\/wp-json\/wp\/v2\/pages\/2339"}],"collection":[{"href":"https:\/\/www.anteaprevencion.com\/cat\/wp-json\/wp\/v2\/pages"}],"about":[{"href":"https:\/\/www.anteaprevencion.com\/cat\/wp-json\/wp\/v2\/types\/page"}],"author":[{"embeddable":true,"href":"https:\/\/www.anteaprevencion.com\/cat\/wp-json\/wp\/v2\/users\/3"}],"replies":[{"embeddable":true,"href":"https:\/\/www.anteaprevencion.com\/cat\/wp-json\/wp\/v2\/comments?post=2339"}],"version-history":[{"count":6,"href":"https:\/\/www.anteaprevencion.com\/cat\/wp-json\/wp\/v2\/pages\/2339\/revisions"}],"predecessor-version":[{"id":7760,"href":"https:\/\/www.anteaprevencion.com\/cat\/wp-json\/wp\/v2\/pages\/2339\/revisions\/7760"}],"wp:featuredmedia":[{"embeddable":true,"href":"https:\/\/www.anteaprevencion.com\/cat\/wp-json\/wp\/v2\/media\/2457"}],"wp:attachment":[{"href":"https:\/\/www.anteaprevencion.com\/cat\/wp-json\/wp\/v2\/media?parent=2339"}],"curies":[{"name":"wp","href":"https:\/\/api.w.org\/{rel}","templated":true}]}}