{"id":2345,"date":"2021-01-07T16:56:01","date_gmt":"2021-01-07T16:56:01","guid":{"rendered":"https:\/\/www.anteaprevencion.com\/?page_id=2345"},"modified":"2025-10-06T10:37:45","modified_gmt":"2025-10-06T10:37:45","slug":"actividades-en-el-marco-del-rd-1627-1997-construccion","status":"publish","type":"page","link":"https:\/\/www.anteaprevencion.com\/cat\/consultoria-per-a-certificacio-de-el-sistema-de-gestio-de-prevencio-de-riscos-laborals-en-oshas-180011999\/","title":{"rendered":"Servicios para el sector de la construcci\u00f3n"},"content":{"rendered":"<p>Disponemos de los siguientes servicios espec\u00edficos para empresas del sector de la construcci\u00f3n, que desempe\u00f1en sus actividades en obras de construcci\u00f3n sometidas al R.D. 1627\/1997:<\/p>\n\n\n\n<ul><li>Redacci\u00f3n de Planes de Seguridad y Salud (PSS)<\/li><\/ul>\n\n\n\n<ul><li>Redacci\u00f3n de Documentos de Gesti\u00f3n Preventiva en Obras (DGPO)<\/li><\/ul>\n\n\n\n<ul><li>Visitas a Obra<\/li><\/ul>\n\n\n\n<ul><li>Software para la gesti\u00f3n de la Coordinaci\u00f3n de Actividades Empresariales: ANTEA CAE<\/li><\/ul>\n\n\n\n<ul><li>Formaci\u00f3n seg\u00fan Convenio Colectivo de Construcci\u00f3n<\/li><\/ul>\n\n\n\n<ul><li>Formaci\u00f3n para otros sectores cuyos convenios recogen formaci\u00f3n espec\u00edfica para trabajos\u00a0en obra: METAL, VIDRIO, ROTULACI\u00d3N, MADERA.<\/li><\/ul>\n\n\n\n<div class=\"wp-block-image\"><figure class=\"aligncenter size-large\"><img width=\"804\" height=\"467\" src=\"https:\/\/www.anteaprevencion.com\/wp-content\/uploads\/2021\/01\/contenido-servicio-1024502.png\" alt=\"contenido-servicio-1024502\" class=\"wp-image-2323\" srcset=\"https:\/\/www.anteaprevencion.com\/wp-content\/uploads\/2021\/01\/contenido-servicio-1024502.png 804w, https:\/\/www.anteaprevencion.com\/wp-content\/uploads\/2021\/01\/contenido-servicio-1024502-300x174.png 300w, https:\/\/www.anteaprevencion.com\/wp-content\/uploads\/2021\/01\/contenido-servicio-1024502-768x446.png 768w\" sizes=\"(max-width: 804px) 100vw, 804px\" \/><\/figure><\/div>","protected":false},"excerpt":{"rendered":"<p>Disponemos de los siguientes servicios espec\u00edficos para empresas del sector de la construcci\u00f3n, que desempe\u00f1en sus actividades en obras de construcci\u00f3n sometidas al R.D. 1627\/1997: Redacci\u00f3n de Planes de Seguridad y Salud (PSS) Redacci\u00f3n de Documentos de Gesti\u00f3n Preventiva en Obras (DGPO) Visitas a Obra Software para la gesti\u00f3n de la Coordinaci\u00f3n de Actividades Empresariales: &#8230; <a title=\"Servicios para el sector de la construcci\u00f3n\" class=\"read-more\" href=\"https:\/\/www.anteaprevencion.com\/cat\/consultoria-per-a-certificacio-de-el-sistema-de-gestio-de-prevencio-de-riscos-laborals-en-oshas-180011999\/\" aria-label=\"M\u00e9s sobre Servicios para el sector de la construcci\u00f3n\">Llegiu m\u00e9s<\/a><\/p>","protected":false},"author":3,"featured_media":2331,"parent":0,"menu_order":0,"comment_status":"closed","ping_status":"closed","template":"","meta":[],"yoast_head":"<!-- This site is optimized with the Yoast SEO plugin v15.8 - https:\/\/yoast.com\/wordpress\/plugins\/seo\/ -->\r\n<title>Servicios en el Marco del RD 1627\/ 1997: Construcci\u00f3n | Antea Prevenci\u00f3n<\/title>\r\n<meta name=\"description\" content=\"Desarrollo de la aplicaci\u00f3n del RD 1627\/1997 por el que se establecen las disposiciones m\u00ednimas de seguridad en obras de construcci\u00f3n...\" \/>\r\n<meta name=\"robots\" content=\"index, follow, max-snippet:-1, max-image-preview:large, max-video-preview:-1\" \/>\r\n<link rel=\"canonical\" href=\"https:\/\/www.anteaprevencion.com\/cat\/consultoria-per-a-certificacio-de-el-sistema-de-gestio-de-prevencio-de-riscos-laborals-en-oshas-180011999\/\" \/>\r\n<meta property=\"og:locale\" content=\"ca_ES\" \/>\r\n<meta property=\"og:type\" content=\"article\" \/>\r\n<meta property=\"og:title\" content=\"Servicios en el Marco del RD 1627\/ 1997: Construcci\u00f3n | Antea Prevenci\u00f3n\" \/>\r\n<meta property=\"og:description\" content=\"Desarrollo de la aplicaci\u00f3n del RD 1627\/1997 por el que se establecen las disposiciones m\u00ednimas de seguridad en obras de construcci\u00f3n...\" \/>\r\n<meta property=\"og:url\" content=\"https:\/\/www.anteaprevencion.com\/cat\/consultoria-per-a-certificacio-de-el-sistema-de-gestio-de-prevencio-de-riscos-laborals-en-oshas-180011999\/\" \/>\r\n<meta property=\"og:site_name\" content=\"Prevenci\u00f3n de Riesgos Laborales | PRL | Antea Prevenci\u00f3n\" \/>\r\n<meta property=\"article:modified_time\" content=\"2025-10-06T10:37:45+00:00\" \/>\r\n<meta property=\"og:image\" content=\"https:\/\/www.anteaprevencion.com\/wp-content\/uploads\/2021\/01\/destacada-servicio-2340220.png\" \/>\r\n\t<meta property=\"og:image:width\" content=\"482\" \/>\r\n\t<meta property=\"og:image:height\" content=\"249\" \/>\r\n<meta name=\"twitter:card\" content=\"summary_large_image\" \/>\r\n<meta name=\"twitter:label1\" content=\"Temps estimat de lectura\">\n\t<meta name=\"twitter:data1\" content=\"1 minut\">\r\n<script type=\"application\/ld+json\" class=\"yoast-schema-graph\">{\"@context\":\"https:\/\/schema.org\",\"@graph\":[{\"@type\":\"WebSite\",\"@id\":\"https:\/\/www.anteaprevencion.com\/#website\",\"url\":\"https:\/\/www.anteaprevencion.com\/\",\"name\":\"Prevenci\\u00f3n de Riesgos Laborales | PRL | Antea Prevenci\\u00f3n\",\"description\":\"\",\"potentialAction\":[{\"@type\":\"SearchAction\",\"target\":\"https:\/\/www.anteaprevencion.com\/?s={search_term_string}\",\"query-input\":\"required name=search_term_string\"}],\"inLanguage\":\"ca\"},{\"@type\":\"ImageObject\",\"@id\":\"https:\/\/www.anteaprevencion.com\/actividades-en-el-marco-del-rd-1627-1997-construccion\/#primaryimage\",\"inLanguage\":\"ca\",\"url\":\"https:\/\/www.anteaprevencion.com\/wp-content\/uploads\/2021\/01\/destacada-servicio-2340220.png\",\"width\":482,\"height\":249,\"caption\":\"destacada-servicio-2\"},{\"@type\":\"WebPage\",\"@id\":\"https:\/\/www.anteaprevencion.com\/actividades-en-el-marco-del-rd-1627-1997-construccion\/#webpage\",\"url\":\"https:\/\/www.anteaprevencion.com\/actividades-en-el-marco-del-rd-1627-1997-construccion\/\",\"name\":\"Servicios en el Marco del RD 1627\/ 1997: Construcci\\u00f3n | Antea Prevenci\\u00f3n\",\"isPartOf\":{\"@id\":\"https:\/\/www.anteaprevencion.com\/#website\"},\"primaryImageOfPage\":{\"@id\":\"https:\/\/www.anteaprevencion.com\/actividades-en-el-marco-del-rd-1627-1997-construccion\/#primaryimage\"},\"datePublished\":\"2021-01-07T16:56:01+00:00\",\"dateModified\":\"2025-10-06T10:37:45+00:00\",\"description\":\"Desarrollo de la aplicaci\\u00f3n del RD 1627\/1997 por el que se establecen las disposiciones m\\u00ednimas de seguridad en obras de construcci\\u00f3n...\",\"breadcrumb\":{\"@id\":\"https:\/\/www.anteaprevencion.com\/actividades-en-el-marco-del-rd-1627-1997-construccion\/#breadcrumb\"},\"inLanguage\":\"ca\",\"potentialAction\":[{\"@type\":\"ReadAction\",\"target\":[\"https:\/\/www.anteaprevencion.com\/actividades-en-el-marco-del-rd-1627-1997-construccion\/\"]}]},{\"@type\":\"BreadcrumbList\",\"@id\":\"https:\/\/www.anteaprevencion.com\/actividades-en-el-marco-del-rd-1627-1997-construccion\/#breadcrumb\",\"itemListElement\":[{\"@type\":\"ListItem\",\"position\":1,\"item\":{\"@type\":\"WebPage\",\"@id\":\"https:\/\/www.anteaprevencion.com\/\",\"url\":\"https:\/\/www.anteaprevencion.com\/\",\"name\":\"Portada\"}},{\"@type\":\"ListItem\",\"position\":2,\"item\":{\"@type\":\"WebPage\",\"@id\":\"https:\/\/www.anteaprevencion.com\/actividades-en-el-marco-del-rd-1627-1997-construccion\/\",\"url\":\"https:\/\/www.anteaprevencion.com\/actividades-en-el-marco-del-rd-1627-1997-construccion\/\",\"name\":\"Servicios para el sector de la construcci\\u00f3n\"}}]}]}<\/script>\r\n<!-- \/ Yoast SEO plugin. -->","_links":{"self":[{"href":"https:\/\/www.anteaprevencion.com\/cat\/wp-json\/wp\/v2\/pages\/2345"}],"collection":[{"href":"https:\/\/www.anteaprevencion.com\/cat\/wp-json\/wp\/v2\/pages"}],"about":[{"href":"https:\/\/www.anteaprevencion.com\/cat\/wp-json\/wp\/v2\/types\/page"}],"author":[{"embeddable":true,"href":"https:\/\/www.anteaprevencion.com\/cat\/wp-json\/wp\/v2\/users\/3"}],"replies":[{"embeddable":true,"href":"https:\/\/www.anteaprevencion.com\/cat\/wp-json\/wp\/v2\/comments?post=2345"}],"version-history":[{"count":14,"href":"https:\/\/www.anteaprevencion.com\/cat\/wp-json\/wp\/v2\/pages\/2345\/revisions"}],"predecessor-version":[{"id":7777,"href":"https:\/\/www.anteaprevencion.com\/cat\/wp-json\/wp\/v2\/pages\/2345\/revisions\/7777"}],"wp:featuredmedia":[{"embeddable":true,"href":"https:\/\/www.anteaprevencion.com\/cat\/wp-json\/wp\/v2\/media\/2331"}],"wp:attachment":[{"href":"https:\/\/www.anteaprevencion.com\/cat\/wp-json\/wp\/v2\/media?parent=2345"}],"curies":[{"name":"wp","href":"https:\/\/api.w.org\/{rel}","templated":true}]}}