{"id":5691,"date":"2023-10-11T11:17:56","date_gmt":"2023-10-11T11:17:56","guid":{"rendered":"https:\/\/www.anteaprevencion.com\/?page_id=5691"},"modified":"2024-04-05T11:30:07","modified_gmt":"2024-04-05T11:30:07","slug":"recuperar-contrasena","status":"publish","type":"page","link":"https:\/\/www.anteaprevencion.com\/cat\/recuperar-contrasena\/","title":{"rendered":"Recuperar contrase\u00f1a"},"content":{"rendered":"<div data-elementor-type=\"wp-page\" data-elementor-id=\"5691\" class=\"elementor elementor-5691\" data-elementor-settings=\"[]\">\n\t\t\t\t\t\t<div class=\"elementor-inner\">\n\t\t\t\t\t\t\t<div class=\"elementor-section-wrap\">\n\t\t\t\t\t\t\t<section class=\"elementor-section elementor-top-section elementor-element elementor-element-6cf1840 elementor-section-boxed elementor-section-height-default elementor-section-height-default\" data-id=\"6cf1840\" data-element_type=\"section\">\n\t\t\t\t\t\t<div class=\"elementor-container elementor-column-gap-default\">\n\t\t\t\t\t\t\t<div class=\"elementor-row\">\n\t\t\t\t\t<div class=\"elementor-column elementor-col-100 elementor-top-column elementor-element elementor-element-7cde1b7\" data-id=\"7cde1b7\" data-element_type=\"column\">\n\t\t\t<div class=\"elementor-column-wrap elementor-element-populated\">\n\t\t\t\t\t\t\t<div class=\"elementor-widget-wrap\">\n\t\t\t\t\t\t<div class=\"elementor-element elementor-element-0a58824 elementor-widget elementor-widget-html\" data-id=\"0a58824\" data-element_type=\"widget\" data-widget_type=\"html.default\">\n\t\t\t\t<div class=\"elementor-widget-container\">\n\t\t\t<div id=\"divRecuperarPassTrab\" class=\"box-inicio-sesion\">\n<article><span title=\"DNI Trabajador\">DNI Trabajador<\/span><input id=\"dniTrabajador\" required type=\"text\" placeholder=\"Introduzca dni\"><\/article>\n<article><span>Tel\u00e9fono o Email (registrado en Antea)<\/span><input id=\"emailTrab\" required type=\"text\" placeholder=\"Introduzca tel\u00e9fono o email\"><\/article>\n<article class=\"text-center buttonCenter\"><input id=\"enviarRecuperarTrab\" name=\"enviarRecuperarTrab\" value=\"Aceptar\" type=\"submit\"><\/article>\n\n<article class=\"text-center\"><span id=\"resultPassTrab\"><\/span><\/article>\n<!--<article class=\"text-center\"><a href=\"\/Pages\/wfrmRegistro.aspx\"><span id=\"recuperarContr\">Reg\u00edstrate gratis como proveedor<\/span><\/a><\/article>\n<article class=\"text-center\"><a href=\"\/recuperar-contrasena\"><span id=\"recuperarContr\">\u00bfHas olvidado tu contrase\u00f1a?<\/span><\/a><\/article>-->\n<\/div>\t\t<\/div>\n\t\t\t\t<\/div>\n\t\t\t\t\t\t<\/div>\n\t\t\t\t\t<\/div>\n\t\t<\/div>\n\t\t\t\t\t\t\t\t<\/div>\n\t\t\t\t\t<\/div>\n\t\t<\/section>\n\t\t\t\t\t\t<\/div>\n\t\t\t\t\t\t<\/div>\n\t\t\t\t\t<\/div>","protected":false},"excerpt":{"rendered":"<p>DNI Trabajador Tel\u00e9fono o Email (registrado en Antea)<\/p>","protected":false},"author":3,"featured_media":0,"parent":0,"menu_order":0,"comment_status":"closed","ping_status":"closed","template":"","meta":[],"yoast_head":"<!-- This site is optimized with the Yoast SEO plugin v15.8 - https:\/\/yoast.com\/wordpress\/plugins\/seo\/ -->\r\n<title>Recuperar contrase\u00f1a - Prevenci\u00f3n de Riesgos Laborales | PRL | Antea Prevenci\u00f3n<\/title>\r\n<meta name=\"robots\" content=\"index, follow, max-snippet:-1, max-image-preview:large, max-video-preview:-1\" \/>\r\n<link rel=\"canonical\" href=\"https:\/\/www.anteaprevencion.com\/cat\/recuperar-contrasena\/\" \/>\r\n<meta property=\"og:locale\" content=\"ca_ES\" \/>\r\n<meta property=\"og:type\" content=\"article\" \/>\r\n<meta property=\"og:title\" content=\"Recuperar contrase\u00f1a - Prevenci\u00f3n de Riesgos Laborales | PRL | Antea Prevenci\u00f3n\" \/>\r\n<meta property=\"og:description\" content=\"DNI Trabajador Tel\u00e9fono o Email (registrado en Antea)\" \/>\r\n<meta property=\"og:url\" content=\"https:\/\/www.anteaprevencion.com\/cat\/recuperar-contrasena\/\" \/>\r\n<meta property=\"og:site_name\" content=\"Prevenci\u00f3n de Riesgos Laborales | PRL | Antea Prevenci\u00f3n\" \/>\r\n<meta property=\"article:modified_time\" content=\"2024-04-05T11:30:07+00:00\" \/>\r\n<meta name=\"twitter:card\" content=\"summary_large_image\" \/>\r\n<meta name=\"twitter:label1\" content=\"Temps estimat de lectura\">\n\t<meta name=\"twitter:data1\" content=\"1 minut\">\r\n<script type=\"application\/ld+json\" class=\"yoast-schema-graph\">{\"@context\":\"https:\/\/schema.org\",\"@graph\":[{\"@type\":\"WebSite\",\"@id\":\"https:\/\/www.anteaprevencion.com\/#website\",\"url\":\"https:\/\/www.anteaprevencion.com\/\",\"name\":\"Prevenci\\u00f3n de Riesgos Laborales | PRL | Antea Prevenci\\u00f3n\",\"description\":\"\",\"potentialAction\":[{\"@type\":\"SearchAction\",\"target\":\"https:\/\/www.anteaprevencion.com\/?s={search_term_string}\",\"query-input\":\"required name=search_term_string\"}],\"inLanguage\":\"ca\"},{\"@type\":\"WebPage\",\"@id\":\"https:\/\/www.anteaprevencion.com\/recuperar-contrasena\/#webpage\",\"url\":\"https:\/\/www.anteaprevencion.com\/recuperar-contrasena\/\",\"name\":\"Recuperar contrase\\u00f1a - Prevenci\\u00f3n de Riesgos Laborales | PRL | Antea Prevenci\\u00f3n\",\"isPartOf\":{\"@id\":\"https:\/\/www.anteaprevencion.com\/#website\"},\"datePublished\":\"2023-10-11T11:17:56+00:00\",\"dateModified\":\"2024-04-05T11:30:07+00:00\",\"breadcrumb\":{\"@id\":\"https:\/\/www.anteaprevencion.com\/recuperar-contrasena\/#breadcrumb\"},\"inLanguage\":\"ca\",\"potentialAction\":[{\"@type\":\"ReadAction\",\"target\":[\"https:\/\/www.anteaprevencion.com\/recuperar-contrasena\/\"]}]},{\"@type\":\"BreadcrumbList\",\"@id\":\"https:\/\/www.anteaprevencion.com\/recuperar-contrasena\/#breadcrumb\",\"itemListElement\":[{\"@type\":\"ListItem\",\"position\":1,\"item\":{\"@type\":\"WebPage\",\"@id\":\"https:\/\/www.anteaprevencion.com\/\",\"url\":\"https:\/\/www.anteaprevencion.com\/\",\"name\":\"Portada\"}},{\"@type\":\"ListItem\",\"position\":2,\"item\":{\"@type\":\"WebPage\",\"@id\":\"https:\/\/www.anteaprevencion.com\/recuperar-contrasena\/\",\"url\":\"https:\/\/www.anteaprevencion.com\/recuperar-contrasena\/\",\"name\":\"Recuperar contrase\\u00f1a\"}}]}]}<\/script>\r\n<!-- \/ Yoast SEO plugin. -->","_links":{"self":[{"href":"https:\/\/www.anteaprevencion.com\/cat\/wp-json\/wp\/v2\/pages\/5691"}],"collection":[{"href":"https:\/\/www.anteaprevencion.com\/cat\/wp-json\/wp\/v2\/pages"}],"about":[{"href":"https:\/\/www.anteaprevencion.com\/cat\/wp-json\/wp\/v2\/types\/page"}],"author":[{"embeddable":true,"href":"https:\/\/www.anteaprevencion.com\/cat\/wp-json\/wp\/v2\/users\/3"}],"replies":[{"embeddable":true,"href":"https:\/\/www.anteaprevencion.com\/cat\/wp-json\/wp\/v2\/comments?post=5691"}],"version-history":[{"count":26,"href":"https:\/\/www.anteaprevencion.com\/cat\/wp-json\/wp\/v2\/pages\/5691\/revisions"}],"predecessor-version":[{"id":6235,"href":"https:\/\/www.anteaprevencion.com\/cat\/wp-json\/wp\/v2\/pages\/5691\/revisions\/6235"}],"wp:attachment":[{"href":"https:\/\/www.anteaprevencion.com\/cat\/wp-json\/wp\/v2\/media?parent=5691"}],"curies":[{"name":"wp","href":"https:\/\/api.w.org\/{rel}","templated":true}]}}