{"id":5718,"date":"2023-10-17T10:43:50","date_gmt":"2023-10-17T10:43:50","guid":{"rendered":"https:\/\/www.anteaprevencion.com\/?page_id=5718"},"modified":"2024-11-26T11:09:26","modified_gmt":"2024-11-26T11:09:26","slug":"recuperar-contrasena-empresa","status":"publish","type":"page","link":"https:\/\/www.anteaprevencion.com\/cat\/recuperar-contrasena-empresa\/","title":{"rendered":"Recuperar contrase\u00f1a empresa"},"content":{"rendered":"<div data-elementor-type=\"wp-page\" data-elementor-id=\"5718\" class=\"elementor elementor-5718\" data-elementor-settings=\"[]\">\n\t\t\t\t\t\t<div class=\"elementor-inner\">\n\t\t\t\t\t\t\t<div class=\"elementor-section-wrap\">\n\t\t\t\t\t\t\t<section class=\"elementor-section elementor-top-section elementor-element elementor-element-7739dde elementor-section-boxed elementor-section-height-default elementor-section-height-default\" data-id=\"7739dde\" data-element_type=\"section\">\n\t\t\t\t\t\t<div class=\"elementor-container elementor-column-gap-default\">\n\t\t\t\t\t\t\t<div class=\"elementor-row\">\n\t\t\t\t\t<div class=\"elementor-column elementor-col-100 elementor-top-column elementor-element elementor-element-30c0487\" data-id=\"30c0487\" data-element_type=\"column\">\n\t\t\t<div class=\"elementor-column-wrap elementor-element-populated\">\n\t\t\t\t\t\t\t<div class=\"elementor-widget-wrap\">\n\t\t\t\t\t\t<div class=\"elementor-element elementor-element-642b55f elementor-widget elementor-widget-html\" data-id=\"642b55f\" data-element_type=\"widget\" data-widget_type=\"html.default\">\n\t\t\t\t<div class=\"elementor-widget-container\">\n\t\t\t<div id=\"divRecuperarPassEmp\" class=\"box-inicio-sesion\">\n<article><span title=\"CIF Empresa\">CIF Empresa<\/span><input id=\"cifEmpresa\" required type=\"text\" placeholder=\"Introduzca cif\"><\/article>\n<article><span>Email (registrado en Antea)<\/span><input id=\"emailEmp\" required type=\"text\" placeholder=\"Introduzca email\"><\/article>\n<article class=\"text-center buttonCenter\"><input id=\"enviarRecuperarEmp\" name=\"enviarRecuperarEmp\" value=\"Aceptar\" type=\"submit\"><\/article>\n\n<article class=\"text-center\"><span id=\"resultPassEmp\"><\/span><\/article>\n<!--<article class=\"text-center\"><a href=\"\/Pages\/wfrmRegistro.aspx\"><span id=\"recuperarContr\">Reg\u00edstrate gratis como proveedor<\/span><\/a><\/article>\n<article class=\"text-center\"><a href=\"\/recuperar-contrasena\"><span id=\"recuperarContr\">\u00bfHas olvidado tu contrase\u00f1a?<\/span><\/a><\/article>-->\n<\/div>\t\t<\/div>\n\t\t\t\t<\/div>\n\t\t\t\t\t\t<\/div>\n\t\t\t\t\t<\/div>\n\t\t<\/div>\n\t\t\t\t\t\t\t\t<\/div>\n\t\t\t\t\t<\/div>\n\t\t<\/section>\n\t\t\t\t\t\t<\/div>\n\t\t\t\t\t\t<\/div>\n\t\t\t\t\t<\/div>","protected":false},"excerpt":{"rendered":"<p>CIF Empresa Email (registrado en Antea)<\/p>","protected":false},"author":3,"featured_media":0,"parent":0,"menu_order":0,"comment_status":"closed","ping_status":"closed","template":"","meta":[],"yoast_head":"<!-- This site is optimized with the Yoast SEO plugin v15.8 - https:\/\/yoast.com\/wordpress\/plugins\/seo\/ -->\r\n<title>Recuperar contrase\u00f1a empresa - Prevenci\u00f3n de Riesgos Laborales | PRL | Antea Prevenci\u00f3n<\/title>\r\n<meta name=\"robots\" content=\"index, follow, max-snippet:-1, max-image-preview:large, max-video-preview:-1\" \/>\r\n<link rel=\"canonical\" href=\"https:\/\/www.anteaprevencion.com\/cat\/recuperar-contrasena-empresa\/\" \/>\r\n<meta property=\"og:locale\" content=\"ca_ES\" \/>\r\n<meta property=\"og:type\" content=\"article\" \/>\r\n<meta property=\"og:title\" content=\"Recuperar contrase\u00f1a empresa - Prevenci\u00f3n de Riesgos Laborales | PRL | Antea Prevenci\u00f3n\" \/>\r\n<meta property=\"og:description\" content=\"CIF Empresa Email (registrado en Antea)\" \/>\r\n<meta property=\"og:url\" content=\"https:\/\/www.anteaprevencion.com\/cat\/recuperar-contrasena-empresa\/\" \/>\r\n<meta property=\"og:site_name\" content=\"Prevenci\u00f3n de Riesgos Laborales | PRL | Antea Prevenci\u00f3n\" \/>\r\n<meta property=\"article:modified_time\" content=\"2024-11-26T11:09:26+00:00\" \/>\r\n<meta name=\"twitter:card\" content=\"summary_large_image\" \/>\r\n<meta name=\"twitter:label1\" content=\"Temps estimat de lectura\">\n\t<meta name=\"twitter:data1\" content=\"1 minut\">\r\n<script type=\"application\/ld+json\" class=\"yoast-schema-graph\">{\"@context\":\"https:\/\/schema.org\",\"@graph\":[{\"@type\":\"WebSite\",\"@id\":\"https:\/\/www.anteaprevencion.com\/#website\",\"url\":\"https:\/\/www.anteaprevencion.com\/\",\"name\":\"Prevenci\\u00f3n de Riesgos Laborales | PRL | Antea Prevenci\\u00f3n\",\"description\":\"Somos empresa l\\u00edder de prevenci\\u00f3n de riesgos laborales para tu negocio. Servicio de PRL, vigilancia de la salud, reconocimientos m\\u00e9dicos.\",\"potentialAction\":[{\"@type\":\"SearchAction\",\"target\":\"https:\/\/www.anteaprevencion.com\/?s={search_term_string}\",\"query-input\":\"required name=search_term_string\"}],\"inLanguage\":\"ca\"},{\"@type\":\"WebPage\",\"@id\":\"https:\/\/www.anteaprevencion.com\/recuperar-contrasena-empresa\/#webpage\",\"url\":\"https:\/\/www.anteaprevencion.com\/recuperar-contrasena-empresa\/\",\"name\":\"Recuperar contrase\\u00f1a empresa - Prevenci\\u00f3n de Riesgos Laborales | PRL | Antea Prevenci\\u00f3n\",\"isPartOf\":{\"@id\":\"https:\/\/www.anteaprevencion.com\/#website\"},\"datePublished\":\"2023-10-17T10:43:50+00:00\",\"dateModified\":\"2024-11-26T11:09:26+00:00\",\"breadcrumb\":{\"@id\":\"https:\/\/www.anteaprevencion.com\/recuperar-contrasena-empresa\/#breadcrumb\"},\"inLanguage\":\"ca\",\"potentialAction\":[{\"@type\":\"ReadAction\",\"target\":[\"https:\/\/www.anteaprevencion.com\/recuperar-contrasena-empresa\/\"]}]},{\"@type\":\"BreadcrumbList\",\"@id\":\"https:\/\/www.anteaprevencion.com\/recuperar-contrasena-empresa\/#breadcrumb\",\"itemListElement\":[{\"@type\":\"ListItem\",\"position\":1,\"item\":{\"@type\":\"WebPage\",\"@id\":\"https:\/\/www.anteaprevencion.com\/\",\"url\":\"https:\/\/www.anteaprevencion.com\/\",\"name\":\"Portada\"}},{\"@type\":\"ListItem\",\"position\":2,\"item\":{\"@type\":\"WebPage\",\"@id\":\"https:\/\/www.anteaprevencion.com\/recuperar-contrasena-empresa\/\",\"url\":\"https:\/\/www.anteaprevencion.com\/recuperar-contrasena-empresa\/\",\"name\":\"Recuperar contrase\\u00f1a empresa\"}}]}]}<\/script>\r\n<!-- \/ Yoast SEO plugin. -->","_links":{"self":[{"href":"https:\/\/www.anteaprevencion.com\/cat\/wp-json\/wp\/v2\/pages\/5718"}],"collection":[{"href":"https:\/\/www.anteaprevencion.com\/cat\/wp-json\/wp\/v2\/pages"}],"about":[{"href":"https:\/\/www.anteaprevencion.com\/cat\/wp-json\/wp\/v2\/types\/page"}],"author":[{"embeddable":true,"href":"https:\/\/www.anteaprevencion.com\/cat\/wp-json\/wp\/v2\/users\/3"}],"replies":[{"embeddable":true,"href":"https:\/\/www.anteaprevencion.com\/cat\/wp-json\/wp\/v2\/comments?post=5718"}],"version-history":[{"count":9,"href":"https:\/\/www.anteaprevencion.com\/cat\/wp-json\/wp\/v2\/pages\/5718\/revisions"}],"predecessor-version":[{"id":7116,"href":"https:\/\/www.anteaprevencion.com\/cat\/wp-json\/wp\/v2\/pages\/5718\/revisions\/7116"}],"wp:attachment":[{"href":"https:\/\/www.anteaprevencion.com\/cat\/wp-json\/wp\/v2\/media?parent=5718"}],"curies":[{"name":"wp","href":"https:\/\/api.w.org\/{rel}","templated":true}]}}