{"id":6709,"date":"2024-06-27T09:11:27","date_gmt":"2024-06-27T09:11:27","guid":{"rendered":"https:\/\/www.anteaprevencion.com\/?page_id=6709"},"modified":"2024-08-06T08:03:59","modified_gmt":"2024-08-06T08:03:59","slug":"canal-denuncias","status":"publish","type":"page","link":"https:\/\/www.anteaprevencion.com\/cat\/canal-denuncias\/","title":{"rendered":"Canal de denuncias"},"content":{"rendered":"<div data-elementor-type=\"wp-page\" data-elementor-id=\"6709\" class=\"elementor elementor-6709\" data-elementor-settings=\"[]\">\n\t\t\t\t\t\t<div class=\"elementor-inner\">\n\t\t\t\t\t\t\t<div class=\"elementor-section-wrap\">\n\t\t\t\t\t\t\t<section class=\"elementor-section elementor-top-section elementor-element elementor-element-7ac58b1 elementor-section-boxed elementor-section-height-default elementor-section-height-default\" data-id=\"7ac58b1\" data-element_type=\"section\">\n\t\t\t\t\t\t<div class=\"elementor-container elementor-column-gap-default\">\n\t\t\t\t\t\t\t<div class=\"elementor-row\">\n\t\t\t\t\t<div class=\"elementor-column elementor-col-100 elementor-top-column elementor-element elementor-element-38c19a0\" data-id=\"38c19a0\" data-element_type=\"column\" data-settings=\"{&quot;background_background&quot;:&quot;classic&quot;}\">\n\t\t\t<div class=\"elementor-column-wrap elementor-element-populated\">\n\t\t\t\t\t\t\t<div class=\"elementor-widget-wrap\">\n\t\t\t\t\t\t<div class=\"elementor-element elementor-element-c836d11 elementor-widget elementor-widget-heading\" data-id=\"c836d11\" data-element_type=\"widget\" data-widget_type=\"heading.default\">\n\t\t\t\t<div class=\"elementor-widget-container\">\n\t\t\t<h2 class=\"elementor-heading-title elementor-size-default\">PRINCIPIOS ESENCIALES DE LA POL\u00cdTICA DE GESTI\u00d3N DEL CANAL DE DENUNCIAS DEL GRUPO ANTEA<\/h2>\t\t<\/div>\n\t\t\t\t<\/div>\n\t\t\t\t<div class=\"elementor-element elementor-element-76eb4d0 elementor-widget elementor-widget-text-editor\" data-id=\"76eb4d0\" data-element_type=\"widget\" data-widget_type=\"text-editor.default\">\n\t\t\t\t<div class=\"elementor-widget-container\">\n\t\t\t\t\t<div class=\"elementor-text-editor elementor-clearfix\"><p>Este canal, de acceso p\u00fablico, est\u00e1 destinado a reportar cualquier irregularidad recibida por cualquier individuo asociado con nuestra organizaci\u00f3n. Tienes la opci\u00f3n de presentar una denuncia de manera completamente an\u00f3nima y verificar su estado a trav\u00e9s de un c\u00f3digo de seguimiento y una contrase\u00f1a que te proporcionaremos al concluir el proceso.<\/p><p>Asimismo, te garantizamos que la informaci\u00f3n facilitada ser\u00e1 tratada de forma totalmente confidencial acorde a la Ley 2\/2023, de 20 de febrero, reguladora de la protecci\u00f3n de las personas que informen sobre infracciones normativas y de lucha contra la corrupci\u00f3n.<\/p><p>As\u00ed mismo, Vd. puede presentar su comunicaci\u00f3n a trav\u00e9s de canales externos habilitados por la Administraci\u00f3n Estatal y auton\u00f3mica. As\u00ed por ejemplo puede dirigirse a la Oficina Andaluza Contra el Fraude y la Corrupci\u00f3n\u00a0<a href=\"https:\/\/antifraudeandalucia.es\/\">(https:\/\/antifraudeandalucia.es\/).<\/a><\/p><p>Los principios esenciales de nuestro Canal son los siguientes:<\/p><ol><li>Confidencialidad Las denuncias remitidas a trav\u00e9s de este formulario ser\u00e1n tratadas con la m\u00e1s estricta confidencialidad. La informaci\u00f3n proporcionada y la identidad de la persona denunciante no ser\u00e1 revelada a terceros, ni a las personas investigadas, y s\u00f3lo tendr\u00e1n acceso a ella un n\u00famero limitado de personas, con el fin de tramitar y resolver la denuncia realizada, quedando expresamente prohibido que dichas personas divulguen cualquier tipo de informaci\u00f3n.<br \/><br \/><\/li><li>Indemnidad ANTEA no tolerar\u00e1 que se adopten represalias o amenazas de ning\u00fan tipo contra quienes hagan uso del canal de denuncias, velando porque se lleven a cabo las medidas de protecci\u00f3n a las que se refiere la Ley.<br \/><br \/><\/li><li>Presunci\u00f3n de inocencia ANTEA garantiza el respeto a los derechos fundamentales, a la presunci\u00f3n de inocencia, al derecho a la defensa y al derecho al honor de las personas investigadas o afectadas.<br \/><br \/><\/li><li>Garant\u00eda de actuaciones ANTEA se compromete a realizar las actuaciones que sean necesarias para comprobar la verosimilitud de los hechos expuestos en la denuncia de forma diligente, segura y precisa.<br \/><br \/><\/li><li>Adopci\u00f3n de medidas ANTEA adoptar\u00e1 las medidas adecuadas para reparar las consecuencias de las conductas irregulares comprobadas con el fin de evitar su reiteraci\u00f3n en el futuro, favoreciendo la creaci\u00f3n de un clima profesional, social, \u00e9tico y de compromiso con el cumplimiento de las leyes y normas de ANTEA.<\/li><\/ol><\/div>\n\t\t\t\t<\/div>\n\t\t\t\t<\/div>\n\t\t\t\t<div class=\"elementor-element elementor-element-df934fe elementor-widget elementor-widget-spacer\" data-id=\"df934fe\" data-element_type=\"widget\" data-widget_type=\"spacer.default\">\n\t\t\t\t<div class=\"elementor-widget-container\">\n\t\t\t\t\t<div class=\"elementor-spacer\">\n\t\t\t<div class=\"elementor-spacer-inner\"><\/div>\n\t\t<\/div>\n\t\t\t\t<\/div>\n\t\t\t\t<\/div>\n\t\t\t\t<div class=\"elementor-element elementor-element-2f25728 elementor-widget elementor-widget-heading\" data-id=\"2f25728\" data-element_type=\"widget\" data-widget_type=\"heading.default\">\n\t\t\t\t<div class=\"elementor-widget-container\">\n\t\t\t<h2 class=\"elementor-heading-title elementor-size-default\">REALIZAR UNA DENUNCIA<\/h2>\t\t<\/div>\n\t\t\t\t<\/div>\n\t\t\t\t<div class=\"elementor-element elementor-element-0b6cb65 elementor-widget elementor-widget-text-editor\" data-id=\"0b6cb65\" data-element_type=\"widget\" data-widget_type=\"text-editor.default\">\n\t\t\t\t<div class=\"elementor-widget-container\">\n\t\t\t\t\t<div class=\"elementor-text-editor elementor-clearfix\"><p>Para realizar una denuncia, pulse el siguiente enlace. La denuncia debe contener los datos necesarios para poder iniciar un trabajo de investigaci\u00f3n; explicaci\u00f3n de los hechos, incluidas las fechas y sociedad a la que afecta, etc. Si se desea se puede adjuntar aquella documentaci\u00f3n que ayude a explicar mejor la situaci\u00f3n denunciada.<\/p><\/div>\n\t\t\t\t<\/div>\n\t\t\t\t<\/div>\n\t\t\t\t<div class=\"elementor-element elementor-element-d7e5e5a elementor-align-center elementor-widget elementor-widget-button\" data-id=\"d7e5e5a\" data-element_type=\"widget\" data-widget_type=\"button.default\">\n\t\t\t\t<div class=\"elementor-widget-container\">\n\t\t\t\t\t<div class=\"elementor-button-wrapper\">\n\t\t\t<a href=\"https:\/\/www.anteaprevencion.com\/CanalDenuncias\/Pages\/wfrmFormularioDenuncia.aspx\" class=\"elementor-button-link elementor-button elementor-size-sm\" role=\"button\">\n\t\t\t\t\t\t<span class=\"elementor-button-content-wrapper\">\n\t\t\t\t\t\t<span class=\"elementor-button-text\">Denunciar<\/span>\n\t\t<\/span>\n\t\t\t\t\t<\/a>\n\t\t<\/div>\n\t\t\t\t<\/div>\n\t\t\t\t<\/div>\n\t\t\t\t\t\t<\/div>\n\t\t\t\t\t<\/div>\n\t\t<\/div>\n\t\t\t\t\t\t\t\t<\/div>\n\t\t\t\t\t<\/div>\n\t\t<\/section>\n\t\t\t\t\t\t<\/div>\n\t\t\t\t\t\t<\/div>\n\t\t\t\t\t<\/div>","protected":false},"excerpt":{"rendered":"<p>PRINCIPIOS ESENCIALES DE LA POL\u00cdTICA DE GESTI\u00d3N DEL CANAL DE DENUNCIAS DEL GRUPO ANTEA Este canal, de acceso p\u00fablico, est\u00e1 destinado a reportar cualquier irregularidad recibida por cualquier individuo asociado con nuestra organizaci\u00f3n. Tienes la opci\u00f3n de presentar una denuncia de manera completamente an\u00f3nima y verificar su estado a trav\u00e9s de un c\u00f3digo de seguimiento &#8230; <a title=\"Canal de denuncias\" class=\"read-more\" href=\"https:\/\/www.anteaprevencion.com\/cat\/canal-denuncias\/\" aria-label=\"M\u00e9s sobre Canal de denuncias\">Llegiu m\u00e9s<\/a><\/p>","protected":false},"author":3,"featured_media":0,"parent":0,"menu_order":0,"comment_status":"closed","ping_status":"closed","template":"","meta":[],"yoast_head":"<!-- This site is optimized with the Yoast SEO plugin v15.8 - https:\/\/yoast.com\/wordpress\/plugins\/seo\/ -->\r\n<title>Canal de denuncias - Prevenci\u00f3n de Riesgos Laborales | PRL | Antea Prevenci\u00f3n<\/title>\r\n<meta name=\"robots\" content=\"index, follow, max-snippet:-1, max-image-preview:large, max-video-preview:-1\" \/>\r\n<link rel=\"canonical\" href=\"https:\/\/www.anteaprevencion.com\/cat\/canal-denuncias\/\" \/>\r\n<meta property=\"og:locale\" content=\"ca_ES\" \/>\r\n<meta property=\"og:type\" content=\"article\" \/>\r\n<meta property=\"og:title\" content=\"Canal de denuncias - Prevenci\u00f3n de Riesgos Laborales | PRL | Antea Prevenci\u00f3n\" \/>\r\n<meta property=\"og:description\" content=\"PRINCIPIOS ESENCIALES DE LA POL\u00cdTICA DE GESTI\u00d3N DEL CANAL DE DENUNCIAS DEL GRUPO ANTEA Este canal, de acceso p\u00fablico, est\u00e1 destinado a reportar cualquier irregularidad recibida por cualquier individuo asociado con nuestra organizaci\u00f3n. Tienes la opci\u00f3n de presentar una denuncia de manera completamente an\u00f3nima y verificar su estado a trav\u00e9s de un c\u00f3digo de seguimiento ... Llegiu m\u00e9s\" \/>\r\n<meta property=\"og:url\" content=\"https:\/\/www.anteaprevencion.com\/cat\/canal-denuncias\/\" \/>\r\n<meta property=\"og:site_name\" content=\"Prevenci\u00f3n de Riesgos Laborales | PRL | Antea Prevenci\u00f3n\" \/>\r\n<meta property=\"article:modified_time\" content=\"2024-08-06T08:03:59+00:00\" \/>\r\n<meta name=\"twitter:card\" content=\"summary_large_image\" \/>\r\n<meta name=\"twitter:label1\" content=\"Temps estimat de lectura\">\n\t<meta name=\"twitter:data1\" content=\"2 minuts\">\r\n<script type=\"application\/ld+json\" class=\"yoast-schema-graph\">{\"@context\":\"https:\/\/schema.org\",\"@graph\":[{\"@type\":\"WebSite\",\"@id\":\"https:\/\/www.anteaprevencion.com\/#website\",\"url\":\"https:\/\/www.anteaprevencion.com\/\",\"name\":\"Prevenci\\u00f3n de Riesgos Laborales | PRL | Antea Prevenci\\u00f3n\",\"description\":\"\",\"potentialAction\":[{\"@type\":\"SearchAction\",\"target\":\"https:\/\/www.anteaprevencion.com\/?s={search_term_string}\",\"query-input\":\"required name=search_term_string\"}],\"inLanguage\":\"ca\"},{\"@type\":\"WebPage\",\"@id\":\"https:\/\/www.anteaprevencion.com\/en\/canal-denuncias\/#webpage\",\"url\":\"https:\/\/www.anteaprevencion.com\/en\/canal-denuncias\/\",\"name\":\"Canal de denuncias - Prevenci\\u00f3n de Riesgos Laborales | PRL | Antea Prevenci\\u00f3n\",\"isPartOf\":{\"@id\":\"https:\/\/www.anteaprevencion.com\/#website\"},\"datePublished\":\"2024-06-27T09:11:27+00:00\",\"dateModified\":\"2024-08-06T08:03:59+00:00\",\"breadcrumb\":{\"@id\":\"https:\/\/www.anteaprevencion.com\/en\/canal-denuncias\/#breadcrumb\"},\"inLanguage\":\"ca\",\"potentialAction\":[{\"@type\":\"ReadAction\",\"target\":[\"https:\/\/www.anteaprevencion.com\/en\/canal-denuncias\/\"]}]},{\"@type\":\"BreadcrumbList\",\"@id\":\"https:\/\/www.anteaprevencion.com\/en\/canal-denuncias\/#breadcrumb\",\"itemListElement\":[{\"@type\":\"ListItem\",\"position\":1,\"item\":{\"@type\":\"WebPage\",\"@id\":\"https:\/\/www.anteaprevencion.com\/\",\"url\":\"https:\/\/www.anteaprevencion.com\/\",\"name\":\"Portada\"}},{\"@type\":\"ListItem\",\"position\":2,\"item\":{\"@type\":\"WebPage\",\"@id\":\"https:\/\/www.anteaprevencion.com\/en\/canal-denuncias\/\",\"url\":\"https:\/\/www.anteaprevencion.com\/en\/canal-denuncias\/\",\"name\":\"Canal de denuncias\"}}]}]}<\/script>\r\n<!-- \/ Yoast SEO plugin. -->","_links":{"self":[{"href":"https:\/\/www.anteaprevencion.com\/cat\/wp-json\/wp\/v2\/pages\/6709"}],"collection":[{"href":"https:\/\/www.anteaprevencion.com\/cat\/wp-json\/wp\/v2\/pages"}],"about":[{"href":"https:\/\/www.anteaprevencion.com\/cat\/wp-json\/wp\/v2\/types\/page"}],"author":[{"embeddable":true,"href":"https:\/\/www.anteaprevencion.com\/cat\/wp-json\/wp\/v2\/users\/3"}],"replies":[{"embeddable":true,"href":"https:\/\/www.anteaprevencion.com\/cat\/wp-json\/wp\/v2\/comments?post=6709"}],"version-history":[{"count":34,"href":"https:\/\/www.anteaprevencion.com\/cat\/wp-json\/wp\/v2\/pages\/6709\/revisions"}],"predecessor-version":[{"id":6781,"href":"https:\/\/www.anteaprevencion.com\/cat\/wp-json\/wp\/v2\/pages\/6709\/revisions\/6781"}],"wp:attachment":[{"href":"https:\/\/www.anteaprevencion.com\/cat\/wp-json\/wp\/v2\/media?parent=6709"}],"curies":[{"name":"wp","href":"https:\/\/api.w.org\/{rel}","templated":true}]}}