{"id":2335,"date":"2021-01-07T16:54:22","date_gmt":"2021-01-07T16:54:22","guid":{"rendered":"https:\/\/www.anteaprevencion.com\/?page_id=2335"},"modified":"2025-10-06T09:16:42","modified_gmt":"2025-10-06T09:16:42","slug":"seguridad-en-el-trabajo","status":"publish","type":"page","link":"https:\/\/www.anteaprevencion.com\/en\/work-safety\/","title":{"rendered":"Work safety"},"content":{"rendered":"<p>Para la especialidad de Seguridad en el Trabajo, <strong>ANTEA <\/strong>se compromete a identificar, evaluar y proponer las medidas correctoras que procedan, considerando para ello todos los riesgos de esta naturaleza existentes en la empresa, incluyendo los originados por las condiciones de los lugares de trabajo, m\u00e1quinas, equipos e instalaciones de servicio y protecci\u00f3n.<\/p>\n\n\n\n<p>Nuestro <strong>concierto preventivo<\/strong>, que tiene car\u00e1cter <strong>multidisciplinar<\/strong>, garantiza la evaluaci\u00f3n de los factores de riesgos relacionados con la Seguridad en el Trabajo, y en su caso,\u00a0 la propuesta de realizaci\u00f3n de aquellas actuaciones preventivas espec\u00edficas complementarias que resultaran necesarias, como por ejemplo:<\/p>\n\n\n\n<ul><li>Redacci\u00f3n del Documento de Protecci\u00f3n contra Explosiones (ATEX)<\/li><\/ul>\n\n\n\n<ul><li>Redacci\u00f3n e implantaci\u00f3n de Planes de Emergencia o Autoprotecci\u00f3n<\/li><\/ul>\n\n\n\n<ul><li>Informes de adecuaci\u00f3n de maquinaria al R.D. 1215\/1997<\/li><\/ul>\n\n\n\n<ul><li>Redacci\u00f3n de Procedimientos de trabajo seguro<\/li><\/ul>","protected":false},"excerpt":{"rendered":"<p>Para la especialidad de Seguridad en el Trabajo, ANTEA se compromete a identificar, evaluar y proponer las medidas correctoras que procedan, considerando para ello todos los riesgos de esta naturaleza existentes en la empresa, incluyendo los originados por las condiciones de los lugares de trabajo, m\u00e1quinas, equipos e instalaciones de servicio y protecci\u00f3n. Nuestro concierto &#8230; <a title=\"Work safety\" class=\"read-more\" href=\"https:\/\/www.anteaprevencion.com\/en\/work-safety\/\" aria-label=\"More on Seguridad en el trabajo\">Read more<\/a><\/p>","protected":false},"author":3,"featured_media":2460,"parent":0,"menu_order":0,"comment_status":"closed","ping_status":"closed","template":"","meta":[],"yoast_head":"<!-- This site is optimized with the Yoast SEO plugin v15.8 - https:\/\/yoast.com\/wordpress\/plugins\/seo\/ -->\r\n<title>Seguridad en el Trabajo para Empresas | PRL | Antea Prevenci\u00f3n<\/title>\r\n<meta name=\"description\" content=\"Antea Servicios de Prevenci\u00f3n est\u00e1 acreditado para prestar el servicio de Seguridad en el trabajo, para empresas, con personal especializado.\" \/>\r\n<meta name=\"robots\" content=\"index, follow, max-snippet:-1, max-image-preview:large, max-video-preview:-1\" \/>\r\n<link rel=\"canonical\" href=\"https:\/\/www.anteaprevencion.com\/en\/work-safety\/\" \/>\r\n<meta property=\"og:locale\" content=\"en_GB\" \/>\r\n<meta property=\"og:type\" content=\"article\" \/>\r\n<meta property=\"og:title\" content=\"Seguridad en el Trabajo para Empresas | PRL | Antea Prevenci\u00f3n\" \/>\r\n<meta property=\"og:description\" content=\"Antea Servicios de Prevenci\u00f3n est\u00e1 acreditado para prestar el servicio de Seguridad en el trabajo, para empresas, con personal especializado.\" \/>\r\n<meta property=\"og:url\" content=\"https:\/\/www.anteaprevencion.com\/en\/work-safety\/\" \/>\r\n<meta property=\"og:site_name\" content=\"Prevenci\u00f3n de Riesgos Laborales | PRL | Antea Prevenci\u00f3n\" \/>\r\n<meta property=\"article:modified_time\" content=\"2025-10-06T09:16:42+00:00\" \/>\r\n<meta property=\"og:image\" content=\"https:\/\/www.anteaprevencion.com\/wp-content\/uploads\/2021\/01\/destacada-servicio-seguridad-trabajo-8495765.jpg\" \/>\r\n\t<meta property=\"og:image:width\" content=\"482\" \/>\r\n\t<meta property=\"og:image:height\" content=\"249\" \/>\r\n<meta name=\"twitter:card\" content=\"summary_large_image\" \/>\r\n<meta name=\"twitter:label1\" content=\"Est. reading time\">\n\t<meta name=\"twitter:data1\" content=\"1 minute\">\r\n<script type=\"application\/ld+json\" class=\"yoast-schema-graph\">{\"@context\":\"https:\/\/schema.org\",\"@graph\":[{\"@type\":\"WebSite\",\"@id\":\"https:\/\/www.anteaprevencion.com\/#website\",\"url\":\"https:\/\/www.anteaprevencion.com\/\",\"name\":\"Prevenci\\u00f3n de Riesgos Laborales | PRL | Antea Prevenci\\u00f3n\",\"description\":\"\",\"potentialAction\":[{\"@type\":\"SearchAction\",\"target\":\"https:\/\/www.anteaprevencion.com\/?s={search_term_string}\",\"query-input\":\"required name=search_term_string\"}],\"inLanguage\":\"en-GB\"},{\"@type\":\"ImageObject\",\"@id\":\"https:\/\/www.anteaprevencion.com\/seguridad-en-el-trabajo\/#primaryimage\",\"inLanguage\":\"en-GB\",\"url\":\"https:\/\/www.anteaprevencion.com\/wp-content\/uploads\/2021\/01\/destacada-servicio-seguridad-trabajo-8495765.jpg\",\"width\":482,\"height\":249,\"caption\":\"destacada-servicio-seguridad-trabajo\"},{\"@type\":\"WebPage\",\"@id\":\"https:\/\/www.anteaprevencion.com\/seguridad-en-el-trabajo\/#webpage\",\"url\":\"https:\/\/www.anteaprevencion.com\/seguridad-en-el-trabajo\/\",\"name\":\"Seguridad en el Trabajo para Empresas | PRL | Antea Prevenci\\u00f3n\",\"isPartOf\":{\"@id\":\"https:\/\/www.anteaprevencion.com\/#website\"},\"primaryImageOfPage\":{\"@id\":\"https:\/\/www.anteaprevencion.com\/seguridad-en-el-trabajo\/#primaryimage\"},\"datePublished\":\"2021-01-07T16:54:22+00:00\",\"dateModified\":\"2025-10-06T09:16:42+00:00\",\"description\":\"Antea Servicios de Prevenci\\u00f3n est\\u00e1 acreditado para prestar el servicio de Seguridad en el trabajo, para empresas, con personal especializado.\",\"breadcrumb\":{\"@id\":\"https:\/\/www.anteaprevencion.com\/seguridad-en-el-trabajo\/#breadcrumb\"},\"inLanguage\":\"en-GB\",\"potentialAction\":[{\"@type\":\"ReadAction\",\"target\":[\"https:\/\/www.anteaprevencion.com\/seguridad-en-el-trabajo\/\"]}]},{\"@type\":\"BreadcrumbList\",\"@id\":\"https:\/\/www.anteaprevencion.com\/seguridad-en-el-trabajo\/#breadcrumb\",\"itemListElement\":[{\"@type\":\"ListItem\",\"position\":1,\"item\":{\"@type\":\"WebPage\",\"@id\":\"https:\/\/www.anteaprevencion.com\/\",\"url\":\"https:\/\/www.anteaprevencion.com\/\",\"name\":\"Portada\"}},{\"@type\":\"ListItem\",\"position\":2,\"item\":{\"@type\":\"WebPage\",\"@id\":\"https:\/\/www.anteaprevencion.com\/seguridad-en-el-trabajo\/\",\"url\":\"https:\/\/www.anteaprevencion.com\/seguridad-en-el-trabajo\/\",\"name\":\"Seguridad en el trabajo\"}}]}]}<\/script>\r\n<!-- \/ Yoast SEO plugin. -->","_links":{"self":[{"href":"https:\/\/www.anteaprevencion.com\/en\/wp-json\/wp\/v2\/pages\/2335"}],"collection":[{"href":"https:\/\/www.anteaprevencion.com\/en\/wp-json\/wp\/v2\/pages"}],"about":[{"href":"https:\/\/www.anteaprevencion.com\/en\/wp-json\/wp\/v2\/types\/page"}],"author":[{"embeddable":true,"href":"https:\/\/www.anteaprevencion.com\/en\/wp-json\/wp\/v2\/users\/3"}],"replies":[{"embeddable":true,"href":"https:\/\/www.anteaprevencion.com\/en\/wp-json\/wp\/v2\/comments?post=2335"}],"version-history":[{"count":6,"href":"https:\/\/www.anteaprevencion.com\/en\/wp-json\/wp\/v2\/pages\/2335\/revisions"}],"predecessor-version":[{"id":7755,"href":"https:\/\/www.anteaprevencion.com\/en\/wp-json\/wp\/v2\/pages\/2335\/revisions\/7755"}],"wp:featuredmedia":[{"embeddable":true,"href":"https:\/\/www.anteaprevencion.com\/en\/wp-json\/wp\/v2\/media\/2460"}],"wp:attachment":[{"href":"https:\/\/www.anteaprevencion.com\/en\/wp-json\/wp\/v2\/media?parent=2335"}],"curies":[{"name":"wp","href":"https:\/\/api.w.org\/{rel}","templated":true}]}}