{"id":2337,"date":"2021-01-07T16:54:39","date_gmt":"2021-01-07T16:54:39","guid":{"rendered":"https:\/\/www.anteaprevencion.com\/?page_id=2337"},"modified":"2025-10-06T09:28:33","modified_gmt":"2025-10-06T09:28:33","slug":"ergonomia-y-psicosociologia","status":"publish","type":"page","link":"https:\/\/www.anteaprevencion.com\/en\/ergonomics-and-psychosociology\/","title":{"rendered":"Ergonomics and Psychosociology"},"content":{"rendered":"<p>Para la especialidad de Ergonom\u00eda y Psicosociolog\u00eda Aplicada, <strong>ANTEA <\/strong>se compromete a identificar, evaluar y proponer las medidas correctoras que procedan, considerando para ello todos los riesgos de esta naturaleza existentes en la empresa, tales como los derivados de la manipulaci\u00f3n de cargas, posturas forzadas, movimientos repetitivos, condiciones ambientales y factores psicosociales.<\/p>\n\n\n\n<p>Nuestro <strong>concierto preventivo<\/strong>, que tiene car\u00e1cter <strong>multidisciplinar<\/strong>, garantiza la evaluaci\u00f3n de los factores de riesgos relacionados con la Ergonom\u00eda y la Psicosociolog\u00eda y, en su caso,\u00a0la propuesta de realizaci\u00f3n de aquellas actuaciones preventivas espec\u00edficas complementarias que resultaran necesarias, como por ejemplo:<\/p>\n\n\n\n<ul><li>Evaluaciones ergon\u00f3micas: manipulaci\u00f3n de cargas, posturas forzadas, movimientos repetitivos, manipulaci\u00f3n de pacientes (MAPO), y estudios espec\u00edficos PVD.<\/li><\/ul>\n\n\n\n<ul><li>Evaluaciones de Riesgo Psicosocial<\/li><\/ul>\n\n\n\n<ul><li>Redacci\u00f3n de Protocolos de Acoso Laboral<\/li><\/ul>\n\n\n\n<ul><li>Impartici\u00f3n de formaci\u00f3n espec\u00edfica.<\/li><\/ul>","protected":false},"excerpt":{"rendered":"<p>Para la especialidad de Ergonom\u00eda y Psicosociolog\u00eda Aplicada, ANTEA se compromete a identificar, evaluar y proponer las medidas correctoras que procedan, considerando para ello todos los riesgos de esta naturaleza existentes en la empresa, tales como los derivados de la manipulaci\u00f3n de cargas, posturas forzadas, movimientos repetitivos, condiciones ambientales y factores psicosociales. Nuestro concierto preventivo, &#8230; <a title=\"Ergonomics and Psychosociology\" class=\"read-more\" href=\"https:\/\/www.anteaprevencion.com\/en\/ergonomics-and-psychosociology\/\" aria-label=\"More on Ergonom\u00eda y Psicosociolog\u00eda\">Read more<\/a><\/p>","protected":false},"author":3,"featured_media":2456,"parent":0,"menu_order":0,"comment_status":"closed","ping_status":"closed","template":"","meta":[],"yoast_head":"<!-- This site is optimized with the Yoast SEO plugin v15.8 - https:\/\/yoast.com\/wordpress\/plugins\/seo\/ -->\r\n<title>Ergonom\u00eda y Psicosociolog\u00eda para empresas | Antea Prevenci\u00f3n<\/title>\r\n<meta name=\"description\" content=\"Antea Servicios de Prevenci\u00f3n est\u00e1 acreditado para prestar el servicio de Ergonom\u00eda y Psicosociolog\u00eda a empresas, con personal especializado.\" \/>\r\n<meta name=\"robots\" content=\"index, follow, max-snippet:-1, max-image-preview:large, max-video-preview:-1\" \/>\r\n<link rel=\"canonical\" href=\"https:\/\/www.anteaprevencion.com\/en\/ergonomics-and-psychosociology\/\" \/>\r\n<meta property=\"og:locale\" content=\"en_GB\" \/>\r\n<meta property=\"og:type\" content=\"article\" \/>\r\n<meta property=\"og:title\" content=\"Ergonom\u00eda y Psicosociolog\u00eda para empresas | Antea Prevenci\u00f3n\" \/>\r\n<meta property=\"og:description\" content=\"Antea Servicios de Prevenci\u00f3n est\u00e1 acreditado para prestar el servicio de Ergonom\u00eda y Psicosociolog\u00eda a empresas, con personal especializado.\" \/>\r\n<meta property=\"og:url\" content=\"https:\/\/www.anteaprevencion.com\/en\/ergonomics-and-psychosociology\/\" \/>\r\n<meta property=\"og:site_name\" content=\"Prevenci\u00f3n de Riesgos Laborales | PRL | Antea Prevenci\u00f3n\" \/>\r\n<meta property=\"article:modified_time\" content=\"2025-10-06T09:28:33+00:00\" \/>\r\n<meta property=\"og:image\" content=\"https:\/\/www.anteaprevencion.com\/wp-content\/uploads\/2021\/01\/destacado-servicio-Ergonomia-y-Psicosociologia-4722605.jpg\" \/>\r\n\t<meta property=\"og:image:width\" content=\"482\" \/>\r\n\t<meta property=\"og:image:height\" content=\"249\" \/>\r\n<meta name=\"twitter:card\" content=\"summary_large_image\" \/>\r\n<meta name=\"twitter:label1\" content=\"Est. reading time\">\n\t<meta name=\"twitter:data1\" content=\"1 minute\">\r\n<script type=\"application\/ld+json\" class=\"yoast-schema-graph\">{\"@context\":\"https:\/\/schema.org\",\"@graph\":[{\"@type\":\"WebSite\",\"@id\":\"https:\/\/www.anteaprevencion.com\/#website\",\"url\":\"https:\/\/www.anteaprevencion.com\/\",\"name\":\"Prevenci\\u00f3n de Riesgos Laborales | PRL | Antea Prevenci\\u00f3n\",\"description\":\"\",\"potentialAction\":[{\"@type\":\"SearchAction\",\"target\":\"https:\/\/www.anteaprevencion.com\/?s={search_term_string}\",\"query-input\":\"required name=search_term_string\"}],\"inLanguage\":\"en-GB\"},{\"@type\":\"ImageObject\",\"@id\":\"https:\/\/www.anteaprevencion.com\/ergonomia-y-psicosociologia\/#primaryimage\",\"inLanguage\":\"en-GB\",\"url\":\"https:\/\/www.anteaprevencion.com\/wp-content\/uploads\/2021\/01\/destacado-servicio-Ergonomia-y-Psicosociologia-4722605.jpg\",\"width\":482,\"height\":249,\"caption\":\"destacado-servicio-ergonomia-y-psicosociologia\"},{\"@type\":\"WebPage\",\"@id\":\"https:\/\/www.anteaprevencion.com\/ergonomia-y-psicosociologia\/#webpage\",\"url\":\"https:\/\/www.anteaprevencion.com\/ergonomia-y-psicosociologia\/\",\"name\":\"Ergonom\\u00eda y Psicosociolog\\u00eda para empresas | Antea Prevenci\\u00f3n\",\"isPartOf\":{\"@id\":\"https:\/\/www.anteaprevencion.com\/#website\"},\"primaryImageOfPage\":{\"@id\":\"https:\/\/www.anteaprevencion.com\/ergonomia-y-psicosociologia\/#primaryimage\"},\"datePublished\":\"2021-01-07T16:54:39+00:00\",\"dateModified\":\"2025-10-06T09:28:33+00:00\",\"description\":\"Antea Servicios de Prevenci\\u00f3n est\\u00e1 acreditado para prestar el servicio de Ergonom\\u00eda y Psicosociolog\\u00eda a empresas, con personal especializado.\",\"breadcrumb\":{\"@id\":\"https:\/\/www.anteaprevencion.com\/ergonomia-y-psicosociologia\/#breadcrumb\"},\"inLanguage\":\"en-GB\",\"potentialAction\":[{\"@type\":\"ReadAction\",\"target\":[\"https:\/\/www.anteaprevencion.com\/ergonomia-y-psicosociologia\/\"]}]},{\"@type\":\"BreadcrumbList\",\"@id\":\"https:\/\/www.anteaprevencion.com\/ergonomia-y-psicosociologia\/#breadcrumb\",\"itemListElement\":[{\"@type\":\"ListItem\",\"position\":1,\"item\":{\"@type\":\"WebPage\",\"@id\":\"https:\/\/www.anteaprevencion.com\/\",\"url\":\"https:\/\/www.anteaprevencion.com\/\",\"name\":\"Portada\"}},{\"@type\":\"ListItem\",\"position\":2,\"item\":{\"@type\":\"WebPage\",\"@id\":\"https:\/\/www.anteaprevencion.com\/ergonomia-y-psicosociologia\/\",\"url\":\"https:\/\/www.anteaprevencion.com\/ergonomia-y-psicosociologia\/\",\"name\":\"Ergonom\\u00eda y Psicosociolog\\u00eda\"}}]}]}<\/script>\r\n<!-- \/ Yoast SEO plugin. -->","_links":{"self":[{"href":"https:\/\/www.anteaprevencion.com\/en\/wp-json\/wp\/v2\/pages\/2337"}],"collection":[{"href":"https:\/\/www.anteaprevencion.com\/en\/wp-json\/wp\/v2\/pages"}],"about":[{"href":"https:\/\/www.anteaprevencion.com\/en\/wp-json\/wp\/v2\/types\/page"}],"author":[{"embeddable":true,"href":"https:\/\/www.anteaprevencion.com\/en\/wp-json\/wp\/v2\/users\/3"}],"replies":[{"embeddable":true,"href":"https:\/\/www.anteaprevencion.com\/en\/wp-json\/wp\/v2\/comments?post=2337"}],"version-history":[{"count":3,"href":"https:\/\/www.anteaprevencion.com\/en\/wp-json\/wp\/v2\/pages\/2337\/revisions"}],"predecessor-version":[{"id":7758,"href":"https:\/\/www.anteaprevencion.com\/en\/wp-json\/wp\/v2\/pages\/2337\/revisions\/7758"}],"wp:featuredmedia":[{"embeddable":true,"href":"https:\/\/www.anteaprevencion.com\/en\/wp-json\/wp\/v2\/media\/2456"}],"wp:attachment":[{"href":"https:\/\/www.anteaprevencion.com\/en\/wp-json\/wp\/v2\/media?parent=2337"}],"curies":[{"name":"wp","href":"https:\/\/api.w.org\/{rel}","templated":true}]}}